{"id":83,"date":"2021-02-18T07:29:07","date_gmt":"2021-02-18T06:29:07","guid":{"rendered":"http:\/\/baudouinpadel.be\/?page_id=83"},"modified":"2026-04-06T11:11:10","modified_gmt":"2026-04-06T09:11:10","slug":"ecole-de-padel","status":"publish","type":"page","link":"https:\/\/baudouinpadel.be\/?page_id=83","title":{"rendered":"Ecole de Padel"},"content":{"rendered":"\n<p>Vous \u00eates d\u00e9butant ou vous voulez simplement progresser dans votre sport, nous vous conseillons de prendre des cours de Padel.<\/p>\n\n\n\n<p>Afin de r\u00e9pondre \u00e0 la demande et au souhait grandissant des enfants de pratiquer le padel, le Baudouin a d\u00e9cid\u00e9 de mettre en place une \u00e9cole de Padel afin de centraliser tous les cours et stages.<\/p>\n\n\n\n<p>Nadia et Javier vont trouver la formule qui vous convient le mieux<\/p>\n\n\n\n<figure class=\"wp-block-image size-full\"><img loading=\"lazy\" decoding=\"async\" width=\"960\" height=\"639\" src=\"https:\/\/baudouinpadel.be\/wp-content\/uploads\/2026\/04\/Javier-et-Nadia.jpg\" alt=\"\" class=\"wp-image-727\" srcset=\"https:\/\/baudouinpadel.be\/wp-content\/uploads\/2026\/04\/Javier-et-Nadia.jpg 960w, https:\/\/baudouinpadel.be\/wp-content\/uploads\/2026\/04\/Javier-et-Nadia-300x200.jpg 300w, https:\/\/baudouinpadel.be\/wp-content\/uploads\/2026\/04\/Javier-et-Nadia-768x511.jpg 768w\" sizes=\"(max-width: 767px) 89vw, (max-width: 1000px) 54vw, (max-width: 1071px) 543px, 580px\" \/><\/figure>\n\n\n\n<p><\/p>\n\n\n\n<p>Contact<\/p>\n\n\n\n<ul>\n<li>Javier Uria Mallada : +32 475 93 10 08 ou\u00a0<a href=\"mailto:javi@baudouinpadel.be\" target=\"_blank\" rel=\"noreferrer noopener\">javi@baudouinpadel.be<\/a><\/li>\n\n\n\n<li>Nadia Iba\u00f1ez : +32 479 69 13 01 ou\u00a0<a href=\"mailto:nadia@baudouinpadel.be\" target=\"_blank\" rel=\"noreferrer noopener\">nadia@baudouinpadel.be<\/a><\/li>\n<\/ul>\n\n\n\n<p><\/p>\n","protected":false},"excerpt":{"rendered":"<p>Vous \u00eates d\u00e9butant ou vous voulez simplement progresser dans votre sport, nous vous conseillons de prendre des cours de Padel. Afin de r\u00e9pondre \u00e0 la demande et au souhait grandissant des enfants de pratiquer le padel, le Baudouin a d\u00e9cid\u00e9 de mettre en place une \u00e9cole de Padel afin de centraliser tous les cours et &hellip; <\/p>\n<p class=\"link-more\"><a href=\"https:\/\/baudouinpadel.be\/?page_id=83\" class=\"more-link\">Continuer la lecture<span class=\"screen-reader-text\"> de &laquo;&nbsp;Ecole de Padel&nbsp;&raquo;<\/span><\/a><\/p>\n","protected":false},"author":2,"featured_media":0,"parent":0,"menu_order":0,"comment_status":"closed","ping_status":"closed","template":"","meta":{"footnotes":""},"_links":{"self":[{"href":"https:\/\/baudouinpadel.be\/index.php?rest_route=\/wp\/v2\/pages\/83"}],"collection":[{"href":"https:\/\/baudouinpadel.be\/index.php?rest_route=\/wp\/v2\/pages"}],"about":[{"href":"https:\/\/baudouinpadel.be\/index.php?rest_route=\/wp\/v2\/types\/page"}],"author":[{"embeddable":true,"href":"https:\/\/baudouinpadel.be\/index.php?rest_route=\/wp\/v2\/users\/2"}],"replies":[{"embeddable":true,"href":"https:\/\/baudouinpadel.be\/index.php?rest_route=%2Fwp%2Fv2%2Fcomments&post=83"}],"version-history":[{"count":12,"href":"https:\/\/baudouinpadel.be\/index.php?rest_route=\/wp\/v2\/pages\/83\/revisions"}],"predecessor-version":[{"id":736,"href":"https:\/\/baudouinpadel.be\/index.php?rest_route=\/wp\/v2\/pages\/83\/revisions\/736"}],"wp:attachment":[{"href":"https:\/\/baudouinpadel.be\/index.php?rest_route=%2Fwp%2Fv2%2Fmedia&parent=83"}],"curies":[{"name":"wp","href":"https:\/\/api.w.org\/{rel}","templated":true}]}}