{"id":646,"date":"2023-02-18T11:27:27","date_gmt":"2023-02-18T10:27:27","guid":{"rendered":"http:\/\/baudouinpadel.be\/?page_id=646"},"modified":"2023-02-18T11:32:00","modified_gmt":"2023-02-18T10:32:00","slug":"padelitot-fr","status":"publish","type":"page","link":"https:\/\/baudouinpadel.be\/?page_id=646","title":{"rendered":"PADELITOT"},"content":{"rendered":"\n<p>Chers membres , les c\u00e9l\u00e8bres PADELITOT du vendredi reprendront un vendredi par mois .<\/p>\n\n\n\n<p>Pour rappel il s\u2019agit de se retrouver dans la bonne humeur pour une soir\u00e9e padel ou l\u2019id\u00e9e est de d\u00e9couvrir de nouveaux partenaires de jeu dans une ambiance de fin de semaine avec ap\u00e9ro, musique et sport .Vous pourrez retrouver les dates pr\u00e9vues tout au long de l\u2019ann\u00e9e dans l onglet cat\u00e9gorie. Petit changement par rapport a l\u2019\u00c9dition pr\u00e9c\u00e9dente, les PADELITOT seront r\u00e9serv\u00e9s uniquement aux HOMMES. <\/p>\n\n\n\n<p>Pour nos dames il y a toujours les Padel Women Only un mercredi par mois exclusivement pour elles. Retenez bien les dates et inscrivez vous a temps car les places sont limit\u00e9s a 24 joueurs .<\/p>\n\n\n\n<p>Pour plus d&rsquo;informations et les inscriptions, veuillez rejoindre le groupe WhatsApp suivant : <a href=\"https:\/\/chat.whatsapp.com\/BPM3TCVi55y3rXr2n02EJU\" target=\"_blank\" rel=\"noreferrer noopener\">https:\/\/chat.whatsapp.com\/BPM3TCVi55y3rXr2n02EJU<\/a><\/p>\n","protected":false},"excerpt":{"rendered":"<p>Chers membres , les c\u00e9l\u00e8bres PADELITOT du vendredi reprendront un vendredi par mois . Pour rappel il s\u2019agit de se retrouver dans la bonne humeur pour une soir\u00e9e padel ou l\u2019id\u00e9e est de d\u00e9couvrir de nouveaux partenaires de jeu dans une ambiance de fin de semaine avec ap\u00e9ro, musique et sport .Vous pourrez retrouver les &hellip; <\/p>\n<p class=\"link-more\"><a href=\"https:\/\/baudouinpadel.be\/?page_id=646\" class=\"more-link\">Continuer la lecture<span class=\"screen-reader-text\"> de &laquo;&nbsp;PADELITOT&nbsp;&raquo;<\/span><\/a><\/p>\n","protected":false},"author":2,"featured_media":0,"parent":0,"menu_order":0,"comment_status":"closed","ping_status":"closed","template":"","meta":{"footnotes":""},"_links":{"self":[{"href":"https:\/\/baudouinpadel.be\/index.php?rest_route=\/wp\/v2\/pages\/646"}],"collection":[{"href":"https:\/\/baudouinpadel.be\/index.php?rest_route=\/wp\/v2\/pages"}],"about":[{"href":"https:\/\/baudouinpadel.be\/index.php?rest_route=\/wp\/v2\/types\/page"}],"author":[{"embeddable":true,"href":"https:\/\/baudouinpadel.be\/index.php?rest_route=\/wp\/v2\/users\/2"}],"replies":[{"embeddable":true,"href":"https:\/\/baudouinpadel.be\/index.php?rest_route=%2Fwp%2Fv2%2Fcomments&post=646"}],"version-history":[{"count":2,"href":"https:\/\/baudouinpadel.be\/index.php?rest_route=\/wp\/v2\/pages\/646\/revisions"}],"predecessor-version":[{"id":657,"href":"https:\/\/baudouinpadel.be\/index.php?rest_route=\/wp\/v2\/pages\/646\/revisions\/657"}],"wp:attachment":[{"href":"https:\/\/baudouinpadel.be\/index.php?rest_route=%2Fwp%2Fv2%2Fmedia&parent=646"}],"curies":[{"name":"wp","href":"https:\/\/api.w.org\/{rel}","templated":true}]}}