{"id":636,"date":"2023-02-18T11:17:31","date_gmt":"2023-02-18T10:17:31","guid":{"rendered":"http:\/\/baudouinpadel.be\/?page_id=636"},"modified":"2023-02-18T14:57:38","modified_gmt":"2023-02-18T13:57:38","slug":"padel-women-only","status":"publish","type":"page","link":"https:\/\/baudouinpadel.be\/?page_id=636","title":{"rendered":"Padel Women Only"},"content":{"rendered":"\n<p>Padel Women Only @ Baudouin chaque second mercredi du mois !<\/p>\n\n\n\n<p><br>Le Padel est en train de grandir et conna\u00eet un succ\u00e8s \u00e9norme du c\u00f4t\u00e9 des femmes. Mais connaissez vous toutes les membres de votre section? \u00cates vous \u00e0 la recherche de partie plus en ligne avec votre niveau? Ou voulez vous simplement passer un bon moment entre copines ?<br>Alors r\u00e9servez votre place pour ce premier \u00e9v\u00e9nement, les 3 terrains seront \u00e0 votre disposition de 18h \u00e0 21h. Attention ne tardez pas l \u00e9v\u00e9nement est limit\u00e9 \u00e0 24 personnes de mani\u00e8re \u00e0 pouvoir assurer un temps de jeu correct pour tous !<br>Au plaisir de vous voir !<\/p>\n\n\n\n<p>Pour plus d&rsquo;informations et pour les r\u00e9servations, veuillez vous connecter au groupe WhatsApp via le lien suivant : <a rel=\"noreferrer noopener\" href=\"https:\/\/chat.whatsapp.com\/DNUO3GkCSJHDrk1wWg3skO\" target=\"_blank\">https:\/\/chat.whatsapp.com\/DNUO3GkCSJHDrk1wWg3skO<\/a><\/p>\n\n\n\n<figure class=\"wp-block-image size-full\"><img loading=\"lazy\" decoding=\"async\" width=\"192\" height=\"192\" src=\"http:\/\/baudouinpadel.be\/wp-content\/uploads\/2023\/02\/image.png\" alt=\"\" class=\"wp-image-676\" srcset=\"https:\/\/baudouinpadel.be\/wp-content\/uploads\/2023\/02\/image.png 192w, https:\/\/baudouinpadel.be\/wp-content\/uploads\/2023\/02\/image-150x150.png 150w, https:\/\/baudouinpadel.be\/wp-content\/uploads\/2023\/02\/image-100x100.png 100w\" sizes=\"(max-width: 192px) 100vw, 192px\" \/><\/figure>\n","protected":false},"excerpt":{"rendered":"<p>Padel Women Only @ Baudouin chaque second mercredi du mois ! Le Padel est en train de grandir et conna\u00eet un succ\u00e8s \u00e9norme du c\u00f4t\u00e9 des femmes. Mais connaissez vous toutes les membres de votre section? \u00cates vous \u00e0 la recherche de partie plus en ligne avec votre niveau? Ou voulez vous simplement passer un &hellip; <\/p>\n<p class=\"link-more\"><a href=\"https:\/\/baudouinpadel.be\/?page_id=636\" class=\"more-link\">Continuer la lecture<span class=\"screen-reader-text\"> de &laquo;&nbsp;Padel Women Only&nbsp;&raquo;<\/span><\/a><\/p>\n","protected":false},"author":2,"featured_media":0,"parent":0,"menu_order":0,"comment_status":"closed","ping_status":"closed","template":"","meta":{"footnotes":""},"_links":{"self":[{"href":"https:\/\/baudouinpadel.be\/index.php?rest_route=\/wp\/v2\/pages\/636"}],"collection":[{"href":"https:\/\/baudouinpadel.be\/index.php?rest_route=\/wp\/v2\/pages"}],"about":[{"href":"https:\/\/baudouinpadel.be\/index.php?rest_route=\/wp\/v2\/types\/page"}],"author":[{"embeddable":true,"href":"https:\/\/baudouinpadel.be\/index.php?rest_route=\/wp\/v2\/users\/2"}],"replies":[{"embeddable":true,"href":"https:\/\/baudouinpadel.be\/index.php?rest_route=%2Fwp%2Fv2%2Fcomments&post=636"}],"version-history":[{"count":4,"href":"https:\/\/baudouinpadel.be\/index.php?rest_route=\/wp\/v2\/pages\/636\/revisions"}],"predecessor-version":[{"id":677,"href":"https:\/\/baudouinpadel.be\/index.php?rest_route=\/wp\/v2\/pages\/636\/revisions\/677"}],"wp:attachment":[{"href":"https:\/\/baudouinpadel.be\/index.php?rest_route=%2Fwp%2Fv2%2Fmedia&parent=636"}],"curies":[{"name":"wp","href":"https:\/\/api.w.org\/{rel}","templated":true}]}}