{"id":446,"date":"2021-04-05T19:12:55","date_gmt":"2021-04-05T17:12:55","guid":{"rendered":"http:\/\/baudouinpadel.be\/?page_id=446"},"modified":"2021-04-10T13:01:33","modified_gmt":"2021-04-10T11:01:33","slug":"vetements-du-club","status":"publish","type":"page","link":"https:\/\/baudouinpadel.be\/?page_id=446","title":{"rendered":"V\u00eatements du club"},"content":{"rendered":"\n<p>Vous trouverez sur cette page les diff\u00e9rents v\u00eatements que nous vous proposons aux couleurs du club.<\/p>\n\n\n\n<p><strong>Baudouin Padel Hooded Sweatshirt Unisex<\/strong><\/p>\n\n\n\n<p>Sweat \u00e0 capuche Club avec capuche \u00e0 double \u00e9paisseur, cordon plat \u00e9pais avec \u0153illets de boutonnage, bande de cou \u00e0 chevrons, coutures aux emmanchures, aux poignets et \u00e0 l&rsquo;ourlet, poches kangourou rembourr\u00e9es avec coutures renforc\u00e9es, poignets et ourlet en tricot c\u00f4tel\u00e9.<br>Composition : 50% coton 50% polyester (Light Oxford : 53% coton, 47% viscose), Poids 295 g\/m2<br>Prix : 30,00\u20ac<br><img loading=\"lazy\" decoding=\"async\" width=\"1280\" height=\"1920\" class=\"wp-image-447\" style=\"width: 180px;\" src=\"http:\/\/baudouinpadel.be\/wp-content\/uploads\/2021\/04\/Sweatshirt-avant.jpeg\" alt=\"\" srcset=\"https:\/\/baudouinpadel.be\/wp-content\/uploads\/2021\/04\/Sweatshirt-avant.jpeg 1280w, https:\/\/baudouinpadel.be\/wp-content\/uploads\/2021\/04\/Sweatshirt-avant-200x300.jpeg 200w, https:\/\/baudouinpadel.be\/wp-content\/uploads\/2021\/04\/Sweatshirt-avant-683x1024.jpeg 683w, https:\/\/baudouinpadel.be\/wp-content\/uploads\/2021\/04\/Sweatshirt-avant-768x1152.jpeg 768w, https:\/\/baudouinpadel.be\/wp-content\/uploads\/2021\/04\/Sweatshirt-avant-1024x1536.jpeg 1024w\" sizes=\"(max-width: 767px) 89vw, (max-width: 1000px) 54vw, (max-width: 1071px) 543px, 580px\" \/><img loading=\"lazy\" decoding=\"async\" width=\"1280\" height=\"1920\" class=\"wp-image-448\" style=\"width: 180px;\" src=\"http:\/\/baudouinpadel.be\/wp-content\/uploads\/2021\/04\/Sweatshirt-back.jpeg\" alt=\"\" srcset=\"https:\/\/baudouinpadel.be\/wp-content\/uploads\/2021\/04\/Sweatshirt-back.jpeg 1280w, https:\/\/baudouinpadel.be\/wp-content\/uploads\/2021\/04\/Sweatshirt-back-200x300.jpeg 200w, https:\/\/baudouinpadel.be\/wp-content\/uploads\/2021\/04\/Sweatshirt-back-683x1024.jpeg 683w, https:\/\/baudouinpadel.be\/wp-content\/uploads\/2021\/04\/Sweatshirt-back-768x1152.jpeg 768w, https:\/\/baudouinpadel.be\/wp-content\/uploads\/2021\/04\/Sweatshirt-back-1024x1536.jpeg 1024w\" sizes=\"(max-width: 767px) 89vw, (max-width: 1000px) 54vw, (max-width: 1071px) 543px, 580px\" \/><\/p>\n\n\n\n<p>Pr\u00e9commner votre hooded :<\/p>\n\n\n\n<p><iframe loading=\"lazy\" src=\"https:\/\/docs.google.com\/forms\/d\/e\/1FAIpQLSdDxqvTBRN757Qpx8reiH8Q_qkF3_DE-c1U4vedCKDcC3iQfg\/viewform?embedded=true\" width=\"640\" height=\"2230\" frameborder=\"0\" marginheight=\"0\" marginwidth=\"0\">Chargement\u2026<\/iframe><\/p>\n","protected":false},"excerpt":{"rendered":"<p>Vous trouverez sur cette page les diff\u00e9rents v\u00eatements que nous vous proposons aux couleurs du club. Baudouin Padel Hooded Sweatshirt Unisex Sweat \u00e0 capuche Club avec capuche \u00e0 double \u00e9paisseur, cordon plat \u00e9pais avec \u0153illets de boutonnage, bande de cou \u00e0 chevrons, coutures aux emmanchures, aux poignets et \u00e0 l&rsquo;ourlet, poches kangourou rembourr\u00e9es avec coutures &hellip; <\/p>\n<p class=\"link-more\"><a href=\"https:\/\/baudouinpadel.be\/?page_id=446\" class=\"more-link\">Continuer la lecture<span class=\"screen-reader-text\"> de &laquo;&nbsp;V\u00eatements du club&nbsp;&raquo;<\/span><\/a><\/p>\n","protected":false},"author":2,"featured_media":0,"parent":0,"menu_order":0,"comment_status":"closed","ping_status":"closed","template":"","meta":{"footnotes":""},"_links":{"self":[{"href":"https:\/\/baudouinpadel.be\/index.php?rest_route=\/wp\/v2\/pages\/446"}],"collection":[{"href":"https:\/\/baudouinpadel.be\/index.php?rest_route=\/wp\/v2\/pages"}],"about":[{"href":"https:\/\/baudouinpadel.be\/index.php?rest_route=\/wp\/v2\/types\/page"}],"author":[{"embeddable":true,"href":"https:\/\/baudouinpadel.be\/index.php?rest_route=\/wp\/v2\/users\/2"}],"replies":[{"embeddable":true,"href":"https:\/\/baudouinpadel.be\/index.php?rest_route=%2Fwp%2Fv2%2Fcomments&post=446"}],"version-history":[{"count":4,"href":"https:\/\/baudouinpadel.be\/index.php?rest_route=\/wp\/v2\/pages\/446\/revisions"}],"predecessor-version":[{"id":458,"href":"https:\/\/baudouinpadel.be\/index.php?rest_route=\/wp\/v2\/pages\/446\/revisions\/458"}],"wp:attachment":[{"href":"https:\/\/baudouinpadel.be\/index.php?rest_route=%2Fwp%2Fv2%2Fmedia&parent=446"}],"curies":[{"name":"wp","href":"https:\/\/api.w.org\/{rel}","templated":true}]}}