{"id":360,"date":"2021-03-04T08:11:34","date_gmt":"2021-03-04T07:11:34","guid":{"rendered":"http:\/\/baudouinpadel.be\/?page_id=360"},"modified":"2021-03-04T08:11:35","modified_gmt":"2021-03-04T07:11:35","slug":"assurance","status":"publish","type":"page","link":"https:\/\/baudouinpadel.be\/?page_id=360","title":{"rendered":"Assurance"},"content":{"rendered":"\n<p>Tous les membres qui sont inscrits au Baudouin pour le padel, sont donc inscrits au niveau de Tennis Vlaanderen et sont assur\u00e9s via la compagnie Ethias.<\/p>\n\n\n\n<p>Si vous avez un accident au niveau de la pratique du padel au Baudouin, veuillez nous en informer le plus rapidement possible par e-mail info@baudouinpadel.be <\/p>\n\n\n\n<p>Vous devez ensuite compl\u00e9ter le document que vous trouverez ci-dessous et nous le renvoyer \u00e0 la m\u00eame adresse mail. <\/p>\n\n\n\n<p>Ensuite, nous pourrons introduire cette demande au niveau de Tennis Vlaanderen.<\/p>\n\n\n\n<p>En esp\u00e9rant que vous n&rsquo;en aurez jamais besoin.<\/p>\n\n\n\n<div class=\"wp-block-file\"><a href=\"http:\/\/baudouinpadel.be\/wp-content\/uploads\/2021\/03\/ethias-invullen-leden.pdf\">ethias-invullen-leden<\/a><a href=\"http:\/\/baudouinpadel.be\/wp-content\/uploads\/2021\/03\/ethias-invullen-leden.pdf\" class=\"wp-block-file__button\" download>T\u00e9l\u00e9charger<\/a><\/div>\n","protected":false},"excerpt":{"rendered":"<p>Tous les membres qui sont inscrits au Baudouin pour le padel, sont donc inscrits au niveau de Tennis Vlaanderen et sont assur\u00e9s via la compagnie Ethias. Si vous avez un accident au niveau de la pratique du padel au Baudouin, veuillez nous en informer le plus rapidement possible par e-mail info@baudouinpadel.be Vous devez ensuite compl\u00e9ter &hellip; <\/p>\n<p class=\"link-more\"><a href=\"https:\/\/baudouinpadel.be\/?page_id=360\" class=\"more-link\">Continuer la lecture<span class=\"screen-reader-text\"> de &laquo;&nbsp;Assurance&nbsp;&raquo;<\/span><\/a><\/p>\n","protected":false},"author":2,"featured_media":0,"parent":0,"menu_order":0,"comment_status":"closed","ping_status":"closed","template":"","meta":{"footnotes":""},"_links":{"self":[{"href":"https:\/\/baudouinpadel.be\/index.php?rest_route=\/wp\/v2\/pages\/360"}],"collection":[{"href":"https:\/\/baudouinpadel.be\/index.php?rest_route=\/wp\/v2\/pages"}],"about":[{"href":"https:\/\/baudouinpadel.be\/index.php?rest_route=\/wp\/v2\/types\/page"}],"author":[{"embeddable":true,"href":"https:\/\/baudouinpadel.be\/index.php?rest_route=\/wp\/v2\/users\/2"}],"replies":[{"embeddable":true,"href":"https:\/\/baudouinpadel.be\/index.php?rest_route=%2Fwp%2Fv2%2Fcomments&post=360"}],"version-history":[{"count":1,"href":"https:\/\/baudouinpadel.be\/index.php?rest_route=\/wp\/v2\/pages\/360\/revisions"}],"predecessor-version":[{"id":362,"href":"https:\/\/baudouinpadel.be\/index.php?rest_route=\/wp\/v2\/pages\/360\/revisions\/362"}],"wp:attachment":[{"href":"https:\/\/baudouinpadel.be\/index.php?rest_route=%2Fwp%2Fv2%2Fmedia&parent=360"}],"curies":[{"name":"wp","href":"https:\/\/api.w.org\/{rel}","templated":true}]}}