{"id":36,"date":"2021-02-17T22:38:22","date_gmt":"2021-02-17T21:38:22","guid":{"rendered":"http:\/\/baudouinpadel.be\/?page_id=36"},"modified":"2026-04-06T11:50:18","modified_gmt":"2026-04-06T09:50:18","slug":"a-propos-de","status":"publish","type":"page","link":"https:\/\/baudouinpadel.be\/?page_id=36","title":{"rendered":"Pr\u00e9sentation"},"content":{"rendered":"\n<p>Le site du Baudouin \u00e0 Dilbeek situ\u00e9 <strong>Kalenbergstraat<\/strong> regroupe diff\u00e9rents sports :<\/p>\n\n\n\n<ul><li>1 terrain de hockey<\/li><li>7 terrains de tennis <\/li><li>3 terrains de padel<\/li><\/ul>\n\n\n\n<figure class=\"wp-block-image size-large\"><img loading=\"lazy\" decoding=\"async\" width=\"977\" height=\"870\" src=\"http:\/\/baudouinpadel.be\/wp-content\/uploads\/2021\/02\/image-3.png\" alt=\"\" class=\"wp-image-149\" srcset=\"https:\/\/baudouinpadel.be\/wp-content\/uploads\/2021\/02\/image-3.png 977w, https:\/\/baudouinpadel.be\/wp-content\/uploads\/2021\/02\/image-3-300x267.png 300w, https:\/\/baudouinpadel.be\/wp-content\/uploads\/2021\/02\/image-3-768x684.png 768w\" sizes=\"(max-width: 767px) 89vw, (max-width: 1000px) 54vw, (max-width: 1071px) 543px, 580px\" \/><\/figure>\n\n\n\n<p> Nous vous conseillons de consulter le site <a href=\"http:\/\/www.baudouin.be\" data-type=\"URL\" data-id=\"www.baudouin.be\" target=\"_blank\" rel=\"noreferrer noopener\">www.baudouin.be<\/a> pour plus d&rsquo;informations par rapport au hockey et ou au tennis.<\/p>\n","protected":false},"excerpt":{"rendered":"<p>Le site du Baudouin \u00e0 Dilbeek situ\u00e9 Kalenbergstraat regroupe diff\u00e9rents sports : 1 terrain de hockey 7 terrains de tennis 3 terrains de padel Nous vous conseillons de consulter le site www.baudouin.be pour plus d&rsquo;informations par rapport au hockey et ou au tennis.<\/p>\n","protected":false},"author":1,"featured_media":0,"parent":0,"menu_order":0,"comment_status":"closed","ping_status":"closed","template":"","meta":{"footnotes":""},"_links":{"self":[{"href":"https:\/\/baudouinpadel.be\/index.php?rest_route=\/wp\/v2\/pages\/36"}],"collection":[{"href":"https:\/\/baudouinpadel.be\/index.php?rest_route=\/wp\/v2\/pages"}],"about":[{"href":"https:\/\/baudouinpadel.be\/index.php?rest_route=\/wp\/v2\/types\/page"}],"author":[{"embeddable":true,"href":"https:\/\/baudouinpadel.be\/index.php?rest_route=\/wp\/v2\/users\/1"}],"replies":[{"embeddable":true,"href":"https:\/\/baudouinpadel.be\/index.php?rest_route=%2Fwp%2Fv2%2Fcomments&post=36"}],"version-history":[{"count":4,"href":"https:\/\/baudouinpadel.be\/index.php?rest_route=\/wp\/v2\/pages\/36\/revisions"}],"predecessor-version":[{"id":161,"href":"https:\/\/baudouinpadel.be\/index.php?rest_route=\/wp\/v2\/pages\/36\/revisions\/161"}],"wp:attachment":[{"href":"https:\/\/baudouinpadel.be\/index.php?rest_route=%2Fwp%2Fv2%2Fmedia&parent=36"}],"curies":[{"name":"wp","href":"https:\/\/api.w.org\/{rel}","templated":true}]}}