{"id":356,"date":"2021-03-04T07:49:48","date_gmt":"2021-03-04T06:49:48","guid":{"rendered":"http:\/\/baudouinpadel.be\/?page_id=356"},"modified":"2021-03-04T07:57:48","modified_gmt":"2021-03-04T06:57:48","slug":"location-raquette","status":"publish","type":"page","link":"https:\/\/baudouinpadel.be\/?page_id=356","title":{"rendered":"Location raquette"},"content":{"rendered":"\n<p>Si vous n&rsquo;avez pas de raquette de padel ou de balles, vous pourriez en louer et\/ou en acheter via notre club house.<\/p>\n\n\n\n<p>Etant donn\u00e9 la fermeture du club house suite aux mesures sanitaires li\u00e9es au COVID-19, vous pouvez directement contacter Lo\u00eec Magnant qui habite \u00e0 moins de 50 m\u00e8tres du club. Les raquettes de location sont en d\u00e9p\u00f4t chez lui.<\/p>\n\n\n\n<p>La location des raquettes est au prix de 2\u20ac\/heure etnous disposons de 12 raquettes adultes et 4 enfants.<\/p>\n\n\n\n<p>Vous pouvez contacter Lo\u00efc au +32 483 33 16 80 ou en envoyant un mail \u00e0 <a href=\"mailto:loic@baudouinpadel.be\">loic@baudouinpadel.be<\/a><\/p>\n","protected":false},"excerpt":{"rendered":"<p>Si vous n&rsquo;avez pas de raquette de padel ou de balles, vous pourriez en louer et\/ou en acheter via notre club house. Etant donn\u00e9 la fermeture du club house suite aux mesures sanitaires li\u00e9es au COVID-19, vous pouvez directement contacter Lo\u00eec Magnant qui habite \u00e0 moins de 50 m\u00e8tres du club. Les raquettes de location &hellip; <\/p>\n<p class=\"link-more\"><a href=\"https:\/\/baudouinpadel.be\/?page_id=356\" class=\"more-link\">Continuer la lecture<span class=\"screen-reader-text\"> de &laquo;&nbsp;Location raquette&nbsp;&raquo;<\/span><\/a><\/p>\n","protected":false},"author":2,"featured_media":0,"parent":0,"menu_order":0,"comment_status":"closed","ping_status":"closed","template":"","meta":{"footnotes":""},"_links":{"self":[{"href":"https:\/\/baudouinpadel.be\/index.php?rest_route=\/wp\/v2\/pages\/356"}],"collection":[{"href":"https:\/\/baudouinpadel.be\/index.php?rest_route=\/wp\/v2\/pages"}],"about":[{"href":"https:\/\/baudouinpadel.be\/index.php?rest_route=\/wp\/v2\/types\/page"}],"author":[{"embeddable":true,"href":"https:\/\/baudouinpadel.be\/index.php?rest_route=\/wp\/v2\/users\/2"}],"replies":[{"embeddable":true,"href":"https:\/\/baudouinpadel.be\/index.php?rest_route=%2Fwp%2Fv2%2Fcomments&post=356"}],"version-history":[{"count":2,"href":"https:\/\/baudouinpadel.be\/index.php?rest_route=\/wp\/v2\/pages\/356\/revisions"}],"predecessor-version":[{"id":359,"href":"https:\/\/baudouinpadel.be\/index.php?rest_route=\/wp\/v2\/pages\/356\/revisions\/359"}],"wp:attachment":[{"href":"https:\/\/baudouinpadel.be\/index.php?rest_route=%2Fwp%2Fv2%2Fmedia&parent=356"}],"curies":[{"name":"wp","href":"https:\/\/api.w.org\/{rel}","templated":true}]}}