{"id":266,"date":"2021-02-21T08:47:33","date_gmt":"2021-02-21T07:47:33","guid":{"rendered":"http:\/\/baudouinpadel.be\/?page_id=266"},"modified":"2021-02-26T20:00:05","modified_gmt":"2021-02-26T19:00:05","slug":"jouer-avec-qui","status":"publish","type":"page","link":"https:\/\/baudouinpadel.be\/?page_id=266","title":{"rendered":"Jouer avec qui?"},"content":{"rendered":"\n<p>La pratique du padel se fait \u00e0 1 contre 1 ou 2 contre 2. Etant donn\u00e9 la capacit\u00e9 que nous avons actuellement, nous n&rsquo;acceptons que les r\u00e9servations \u00e0 4.<\/p>\n\n\n\n<p>Si vous ne savez pas avec qui jouer, vous pouvez rejoindre diff\u00e9rents groupes WhatsApp cr\u00e9\u00e9s par des membres pour des membres. L&rsquo;id\u00e9e est d&rsquo;ajouter ces diff\u00e9rents groups sur cette page. Si vous \u00eates int\u00e9ress\u00e9, rejoignez un groupe. Si ce groupe ne vous int\u00e9resse plus, quitter simplement ce groupe.<\/p>\n\n\n\n<figure class=\"wp-block-table is-style-stripes\"><table><tbody><tr><td>Quand<\/td><td>lien<\/td><\/tr><tr><td>mardi ou jeudi apr\u00e8s midi<\/td><td><a href=\"https:\/\/chat.whatsapp.com\/Eb8F1JsefIZI5N7hoAE8R9\" data-type=\"URL\" data-id=\"https:\/\/chat.whatsapp.com\/Eb8F1JsefIZI5N7hoAE8R9\" target=\"_blank\" rel=\"noreferrer noopener\">groupe<\/a><\/td><\/tr><tr><td>En semaine le matin<\/td><td><a href=\"https:\/\/chat.whatsapp.com\/KBwbGfWGTb702AjPwmaI2a\" data-type=\"URL\" data-id=\"https:\/\/chat.whatsapp.com\/KBwbGfWGTb702AjPwmaI2a\" target=\"_blank\" rel=\"noreferrer noopener\">groupe<\/a><\/td><\/tr><tr><td>For Women Only<\/td><td><a href=\"https:\/\/chat.whatsapp.com\/I2jcGQcbAB0BSSyv1dRdUM\" target=\"_blank\" rel=\"noreferrer noopener\">groupe<\/a><\/td><\/tr><\/tbody><\/table><\/figure>\n\n\n\n<p>Si vous avez des groupes existants dans lequel vous cherchez des nouveaux membres, Ou si vous voulez qu&rsquo;on cr\u00e9e de nouveaux groupes, envoyez un mail \u00e0 <a href=\"mailto:philippe.robert@baudouinpadel.be\">philippe.robert@baudouinpadel.be<\/a><\/p>\n","protected":false},"excerpt":{"rendered":"<p>La pratique du padel se fait \u00e0 1 contre 1 ou 2 contre 2. Etant donn\u00e9 la capacit\u00e9 que nous avons actuellement, nous n&rsquo;acceptons que les r\u00e9servations \u00e0 4. Si vous ne savez pas avec qui jouer, vous pouvez rejoindre diff\u00e9rents groupes WhatsApp cr\u00e9\u00e9s par des membres pour des membres. L&rsquo;id\u00e9e est d&rsquo;ajouter ces diff\u00e9rents &hellip; <\/p>\n<p class=\"link-more\"><a href=\"https:\/\/baudouinpadel.be\/?page_id=266\" class=\"more-link\">Continuer la lecture<span class=\"screen-reader-text\"> de &laquo;&nbsp;Jouer avec qui?&nbsp;&raquo;<\/span><\/a><\/p>\n","protected":false},"author":2,"featured_media":0,"parent":0,"menu_order":0,"comment_status":"closed","ping_status":"closed","template":"","meta":{"footnotes":""},"_links":{"self":[{"href":"https:\/\/baudouinpadel.be\/index.php?rest_route=\/wp\/v2\/pages\/266"}],"collection":[{"href":"https:\/\/baudouinpadel.be\/index.php?rest_route=\/wp\/v2\/pages"}],"about":[{"href":"https:\/\/baudouinpadel.be\/index.php?rest_route=\/wp\/v2\/types\/page"}],"author":[{"embeddable":true,"href":"https:\/\/baudouinpadel.be\/index.php?rest_route=\/wp\/v2\/users\/2"}],"replies":[{"embeddable":true,"href":"https:\/\/baudouinpadel.be\/index.php?rest_route=%2Fwp%2Fv2%2Fcomments&post=266"}],"version-history":[{"count":6,"href":"https:\/\/baudouinpadel.be\/index.php?rest_route=\/wp\/v2\/pages\/266\/revisions"}],"predecessor-version":[{"id":355,"href":"https:\/\/baudouinpadel.be\/index.php?rest_route=\/wp\/v2\/pages\/266\/revisions\/355"}],"wp:attachment":[{"href":"https:\/\/baudouinpadel.be\/index.php?rest_route=%2Fwp%2Fv2%2Fmedia&parent=266"}],"curies":[{"name":"wp","href":"https:\/\/api.w.org\/{rel}","templated":true}]}}