{"id":193,"date":"2021-02-19T21:37:53","date_gmt":"2021-02-19T20:37:53","guid":{"rendered":"http:\/\/baudouinpadel.be\/?page_id=193"},"modified":"2021-02-21T12:16:45","modified_gmt":"2021-02-21T11:16:45","slug":"participation-tennis-vlaanderen","status":"publish","type":"page","link":"https:\/\/baudouinpadel.be\/?page_id=193","title":{"rendered":"Participation Tennis Vlaanderen"},"content":{"rendered":"\n<p>La f\u00e9d\u00e9ration de Padel au niveau de la Flandre est g\u00e9r\u00e9e par Tennis Vlaanderen.<\/p>\n\n\n\n<p>Toutes les personnes qui s&rsquo;enregistrent sur ce syst\u00e8me doivent payer une participation annuelle de 20\u20ac. Cette participation comprend :<\/p>\n\n\n\n<ul><li>L&rsquo;acc\u00e8s \u00e0 la plateforme de tennis Vlaanderen<\/li><li>Une assurance en cas d&rsquo;accident au niveau de la pratique du padel dans n&rsquo;importe quel club en Flandre. Cette assurance est souscrite au niveau d&rsquo;Ethias.<\/li><li>Vous participer \u00e0 la promotion du padel en Flandre.<\/li><li>La possibilit\u00e9 de s&rsquo;inscrire aux diff\u00e9rents tournois organis\u00e9s par Tennis Vlaanderen.<\/li><li>La possibilit\u00e9 de jouer aux interclubs organis\u00e9s par Tennis Vlaanderen.<\/li><\/ul>\n\n\n\n<p>Cette participation est, par personne, ind\u00e9pendamment du club auquel vous \u00eates li\u00e9. Donc si vous jouez d\u00e9j\u00e0 au padel dans un autre club en Flandre que le Baudouin, vous ne devez pas payer une seconde fois cette participation.<\/p>\n\n\n\n<p>De m\u00eame si vous \u00eates inscrits \u00e0 l&rsquo;AFT, vous ne devez pas non plus souscrire \u00e0 cette participation.<\/p>\n\n\n\n<p>Par contre, si vous \u00eates uniquement inscrit \u00e0 la f\u00e9d\u00e9ration francophone de padel, vous devez souscrire \u00e0 cette participation.<\/p>\n\n\n\n<p>C&rsquo;est un peu comme si vous jouiez au hockey au Baudouin. Le club de hockey va vous inscrire \u00e0 la f\u00e9d\u00e9ration de hockey pour participer aux entrainements et aux matchs. Une partie de votre cotisation de votre club de hockey est vers\u00e9e \u00e0 la f\u00e9d\u00e9ration. La grande diff\u00e9rence est que si vous \u00eates d\u00e9j\u00e0 inscrit \u00e0 la f\u00e9d\u00e9ration (via le tennis ou un autre club), il est logique que vous ne deviez pas payer une seconde ou troisi\u00e8me fois cette participation.<\/p>\n\n\n\n<p>Si vous voulez \u00e9galement vous inscrire \u00e0 des tournois organis\u00e9s en Wallonie ou \u00e0 Bruxelles, vous devez prendre \u00e9galement une participation \u00e0 l&rsquo;AFP. Actuellement, les 2 f\u00e9d\u00e9rations sont ind\u00e9pendantes.<\/p>\n","protected":false},"excerpt":{"rendered":"<p>La f\u00e9d\u00e9ration de Padel au niveau de la Flandre est g\u00e9r\u00e9e par Tennis Vlaanderen. Toutes les personnes qui s&rsquo;enregistrent sur ce syst\u00e8me doivent payer une participation annuelle de 20\u20ac. Cette participation comprend : L&rsquo;acc\u00e8s \u00e0 la plateforme de tennis Vlaanderen Une assurance en cas d&rsquo;accident au niveau de la pratique du padel dans n&rsquo;importe quel &hellip; <\/p>\n<p class=\"link-more\"><a href=\"https:\/\/baudouinpadel.be\/?page_id=193\" class=\"more-link\">Continuer la lecture<span class=\"screen-reader-text\"> de &laquo;&nbsp;Participation Tennis Vlaanderen&nbsp;&raquo;<\/span><\/a><\/p>\n","protected":false},"author":2,"featured_media":0,"parent":0,"menu_order":0,"comment_status":"closed","ping_status":"closed","template":"","meta":{"footnotes":""},"_links":{"self":[{"href":"https:\/\/baudouinpadel.be\/index.php?rest_route=\/wp\/v2\/pages\/193"}],"collection":[{"href":"https:\/\/baudouinpadel.be\/index.php?rest_route=\/wp\/v2\/pages"}],"about":[{"href":"https:\/\/baudouinpadel.be\/index.php?rest_route=\/wp\/v2\/types\/page"}],"author":[{"embeddable":true,"href":"https:\/\/baudouinpadel.be\/index.php?rest_route=\/wp\/v2\/users\/2"}],"replies":[{"embeddable":true,"href":"https:\/\/baudouinpadel.be\/index.php?rest_route=%2Fwp%2Fv2%2Fcomments&post=193"}],"version-history":[{"count":6,"href":"https:\/\/baudouinpadel.be\/index.php?rest_route=\/wp\/v2\/pages\/193\/revisions"}],"predecessor-version":[{"id":319,"href":"https:\/\/baudouinpadel.be\/index.php?rest_route=\/wp\/v2\/pages\/193\/revisions\/319"}],"wp:attachment":[{"href":"https:\/\/baudouinpadel.be\/index.php?rest_route=%2Fwp%2Fv2%2Fmedia&parent=193"}],"curies":[{"name":"wp","href":"https:\/\/api.w.org\/{rel}","templated":true}]}}