{"id":134,"date":"2021-02-18T18:43:07","date_gmt":"2021-02-18T17:43:07","guid":{"rendered":"http:\/\/baudouinpadel.be\/?page_id=134"},"modified":"2026-04-05T12:07:31","modified_gmt":"2026-04-05T10:07:31","slug":"comite","status":"publish","type":"page","link":"https:\/\/baudouinpadel.be\/?page_id=134","title":{"rendered":"Comit\u00e9"},"content":{"rendered":"\n<p>L&rsquo;association <strong>Baudouin Sport Facilities vzw<\/strong> est enregistr\u00e9e sous le num\u00e9ro d&rsquo;entreprise 0697689722 et s&rsquo;occupe de la gestion du Padel sur le site du Baudouin.<\/p>\n\n\n\n<p>Le comit\u00e9 est compos\u00e9 de :<\/p>\n\n\n\n<p><strong>Notre mission : <\/strong><\/p>\n\n\n\n<figure class=\"wp-block-table is-style-stripes\"><table><tbody><tr><td><img loading=\"lazy\" decoding=\"async\" width=\"432\" height=\"432\" class=\"wp-image-474\" style=\"width: 150px;\" src=\"http:\/\/baudouinpadel.be\/wp-content\/uploads\/2021\/05\/Loic.jpg\" alt=\"\" srcset=\"https:\/\/baudouinpadel.be\/wp-content\/uploads\/2021\/05\/Loic.jpg 432w, https:\/\/baudouinpadel.be\/wp-content\/uploads\/2021\/05\/Loic-300x300.jpg 300w, https:\/\/baudouinpadel.be\/wp-content\/uploads\/2021\/05\/Loic-150x150.jpg 150w, https:\/\/baudouinpadel.be\/wp-content\/uploads\/2021\/05\/Loic-100x100.jpg 100w\" sizes=\"(max-width: 432px) 100vw, 432px\" \/><\/td><td>Lo\u00efc MAGNANT<br>Pr\u00e9sident<\/td><td>+32483331680<br><a rel=\"noreferrer noopener\" href=\"mailto:loic@baudouinpadel.be\" target=\"_blank\">loic@baudouinpadel.be<\/a><\/td><\/tr><tr><td><img loading=\"lazy\" decoding=\"async\" width=\"200\" height=\"200\" class=\"wp-image-472\" style=\"width: 150px;\" src=\"http:\/\/baudouinpadel.be\/wp-content\/uploads\/2021\/05\/Philippe.jpg\" alt=\"\" srcset=\"https:\/\/baudouinpadel.be\/wp-content\/uploads\/2021\/05\/Philippe.jpg 200w, https:\/\/baudouinpadel.be\/wp-content\/uploads\/2021\/05\/Philippe-150x150.jpg 150w, https:\/\/baudouinpadel.be\/wp-content\/uploads\/2021\/05\/Philippe-100x100.jpg 100w\" sizes=\"(max-width: 200px) 100vw, 200px\" \/><\/td><td>Philippe ROBERT<br>Tr\u00e9sorier, Webmaster<\/td><td>+32475442193<br><a rel=\"noreferrer noopener\" href=\"mailto:philippe.robert@baudouinpadel.be\" data-type=\"mailto\" target=\"_blank\">philippe.robert@baudouinpadel.be<\/a><\/td><\/tr><tr><td><img loading=\"lazy\" decoding=\"async\" width=\"646\" height=\"741\" class=\"wp-image-429\" style=\"width: 150px;\" src=\"http:\/\/baudouinpadel.be\/wp-content\/uploads\/2021\/03\/Mallory.jpg\" alt=\"\" srcset=\"https:\/\/baudouinpadel.be\/wp-content\/uploads\/2021\/03\/Mallory.jpg 646w, https:\/\/baudouinpadel.be\/wp-content\/uploads\/2021\/03\/Mallory-262x300.jpg 262w\" sizes=\"(max-width: 646px) 100vw, 646px\" \/><\/td><td>Mallory MAGNANT<br>Administrateur<\/td><td>+32483331683<br><\/td><\/tr><tr><td><img loading=\"lazy\" decoding=\"async\" width=\"1359\" height=\"1360\" class=\"wp-image-685\" style=\"width: 150px;\" src=\"http:\/\/baudouinpadel.be\/wp-content\/uploads\/2023\/02\/javier.jpeg\" alt=\"\" srcset=\"https:\/\/baudouinpadel.be\/wp-content\/uploads\/2023\/02\/javier.jpeg 1359w, https:\/\/baudouinpadel.be\/wp-content\/uploads\/2023\/02\/javier-300x300.jpeg 300w, https:\/\/baudouinpadel.be\/wp-content\/uploads\/2023\/02\/javier-1024x1024.jpeg 1024w, https:\/\/baudouinpadel.be\/wp-content\/uploads\/2023\/02\/javier-150x150.jpeg 150w, https:\/\/baudouinpadel.be\/wp-content\/uploads\/2023\/02\/javier-768x769.jpeg 768w, https:\/\/baudouinpadel.be\/wp-content\/uploads\/2023\/02\/javier-100x100.jpeg 100w\" sizes=\"(max-width: 767px) 89vw, (max-width: 1000px) 54vw, (max-width: 1071px) 543px, 580px\" \/><\/td><td>Javier Uria Mallada<br>Responsable Sportif<br>Responsable \u00e9cole de Padel<br><\/td><td>+32475931008<br><a rel=\"noreferrer noopener\" href=\"mailto:javi@baudouinpadel.be\" target=\"_blank\">javi@baudouinpadel.be<\/a> <\/td><\/tr><tr><td><img loading=\"lazy\" decoding=\"async\" width=\"282\" height=\"351\" class=\"wp-image-708\" style=\"width: 150px;\" src=\"http:\/\/baudouinpadel.be\/wp-content\/uploads\/2025\/06\/IMG_0964-1.jpg\" alt=\"\" srcset=\"https:\/\/baudouinpadel.be\/wp-content\/uploads\/2025\/06\/IMG_0964-1.jpg 282w, https:\/\/baudouinpadel.be\/wp-content\/uploads\/2025\/06\/IMG_0964-1-241x300.jpg 241w\" sizes=\"(max-width: 282px) 100vw, 282px\" \/><br><br><\/td><td>Nadia Ibanez Pinilla<br>Responsable Sportive<br>Responsable \u00e9cole de Padel<\/td><td>+32479691301<br><a href=\"mailto:nadia@baudouinpadel.be\" target=\"_blank\" rel=\"noreferrer noopener\">nadia@baudouinpadel.be<\/a><\/td><\/tr><\/tbody><\/table><\/figure>\n\n\n\n<p>L&rsquo;objectif de notre association sans but lucratif est de promouvoir des activit\u00e9s sportives, sociales, culturelles et de sant\u00e9 pour tous.<\/p>\n\n\n\n<p>Les activit\u00e9s concr\u00e8tes pour atteindre l&rsquo;objectif de l&rsquo;association comprennent<\/p>\n\n\n\n<ul>\n<li>l\u2019investissement dans les installations sportives.<\/li>\n\n\n\n<li>Organisation d&rsquo;\u00e9v\u00e9nements, de cours et d&rsquo;autres activit\u00e9s sportives \u00e0 l&rsquo;int\u00e9rieur et \u00e0 l&rsquo;ext\u00e9rieur des installations.<\/li>\n\n\n\n<li>Le parrainage ou le financement direct ou indirect d\u2019autres clubs sportifs.<\/li>\n\n\n\n<li>L&rsquo;achat d&rsquo;\u00e9quipements qui seront mis \u00e0 disposition ou offerts.<\/li>\n<\/ul>\n\n\n\n<p>Nos status sont disponibles via le lien suivant : <a href=\"http:\/\/www.ejustice.just.fgov.be\/tsv_pdf\/2018\/06\/08\/18316645.pdf\" target=\"_blank\" rel=\"noreferrer noopener\">http:\/\/www.ejustice.just.fgov.be\/tsv_pdf\/2018\/06\/08\/18316645.pdf<\/a><\/p>\n","protected":false},"excerpt":{"rendered":"<p>L&rsquo;association Baudouin Sport Facilities vzw est enregistr\u00e9e sous le num\u00e9ro d&rsquo;entreprise 0697689722 et s&rsquo;occupe de la gestion du Padel sur le site du Baudouin. Le comit\u00e9 est compos\u00e9 de : Notre mission : Lo\u00efc MAGNANTPr\u00e9sident +32483331680loic@baudouinpadel.be Philippe ROBERTTr\u00e9sorier, Webmaster +32475442193philippe.robert@baudouinpadel.be Mallory MAGNANTAdministrateur +32483331683 Javier Uria MalladaResponsable SportifResponsable \u00e9cole de Padel +32475931008javi@baudouinpadel.be Nadia Ibanez PinillaResponsable SportiveResponsable &hellip; <\/p>\n<p class=\"link-more\"><a href=\"https:\/\/baudouinpadel.be\/?page_id=134\" class=\"more-link\">Continuer la lecture<span class=\"screen-reader-text\"> de &laquo;&nbsp;Comit\u00e9&nbsp;&raquo;<\/span><\/a><\/p>\n","protected":false},"author":2,"featured_media":0,"parent":0,"menu_order":0,"comment_status":"closed","ping_status":"closed","template":"","meta":{"footnotes":""},"_links":{"self":[{"href":"https:\/\/baudouinpadel.be\/index.php?rest_route=\/wp\/v2\/pages\/134"}],"collection":[{"href":"https:\/\/baudouinpadel.be\/index.php?rest_route=\/wp\/v2\/pages"}],"about":[{"href":"https:\/\/baudouinpadel.be\/index.php?rest_route=\/wp\/v2\/types\/page"}],"author":[{"embeddable":true,"href":"https:\/\/baudouinpadel.be\/index.php?rest_route=\/wp\/v2\/users\/2"}],"replies":[{"embeddable":true,"href":"https:\/\/baudouinpadel.be\/index.php?rest_route=%2Fwp%2Fv2%2Fcomments&post=134"}],"version-history":[{"count":31,"href":"https:\/\/baudouinpadel.be\/index.php?rest_route=\/wp\/v2\/pages\/134\/revisions"}],"predecessor-version":[{"id":723,"href":"https:\/\/baudouinpadel.be\/index.php?rest_route=\/wp\/v2\/pages\/134\/revisions\/723"}],"wp:attachment":[{"href":"https:\/\/baudouinpadel.be\/index.php?rest_route=%2Fwp%2Fv2%2Fmedia&parent=134"}],"curies":[{"name":"wp","href":"https:\/\/api.w.org\/{rel}","templated":true}]}}