{"id":127,"date":"2021-02-18T16:48:19","date_gmt":"2021-02-18T15:48:19","guid":{"rendered":"http:\/\/baudouinpadel.be\/?page_id=127"},"modified":"2021-02-21T10:18:29","modified_gmt":"2021-02-21T09:18:29","slug":"comment-reserver","status":"publish","type":"page","link":"https:\/\/baudouinpadel.be\/?page_id=127","title":{"rendered":"Comment r\u00e9server"},"content":{"rendered":"\n<p>Le syst\u00e8me de r\u00e9servation du Padel au Baudouin est g\u00e9r\u00e9 via le syst\u00e8me propos\u00e9 par <a rel=\"noreferrer noopener\" href=\"https:\/\/www.tennisvlaanderen.be\/clubdashboard?clubId=1343310\" target=\"_blank\">Tennis Vlaanderen<\/a>. <\/p>\n\n\n\n<p>Il y a 3 types de profils diff\u00e9rents et vous devez comprendre \u00e0 quel type vous correspondez pour savoir comment vous pouvez r\u00e9server votre terrain.<\/p>\n\n\n\n<ul><li><strong>Membre (lid)<\/strong>: Un membre est une personne en ordre de cotisation ET \u00e9galement en ordre au niveau de sa participation \u00e0 Tennis Vlaanderen.<\/li><li><strong>Non-membre (niet-lid) <\/strong>: Une personne qui n&rsquo;a pas de cotisation du padel au Baudouin MAIS qui est en ordre au niveau de sa participation \u00e0 Tennis Vlaanderen. C&rsquo;est par exemple une personne qui ne joue que tr\u00e8s rarement, qui joue d\u00e9j\u00e0 au tennis ou qui joue au padel dans un autre club que le Baudouin.<\/li><li><strong>Invit\u00e9 (Gastspeler) <\/strong>: Une personne qui n&rsquo;a pas de cotisation au Baudouin et qui n&rsquo;est pas membre de Tennis Vlaanderen. <\/li><\/ul>\n\n\n\n<p>Pour passer vos r\u00e9servations, rien de plus simple. Vous pouvez soit le faire via le site web en cliquant sur le bouton suivant <\/p>\n\n\n\n<figure class=\"wp-block-image size-large is-resized\"><a href=\"https:\/\/www.tennisvlaanderen.be\/dashboard\" target=\"_blank\" rel=\"noopener\"><img loading=\"lazy\" decoding=\"async\" src=\"http:\/\/baudouinpadel.be\/wp-content\/uploads\/2021\/02\/image-4.png\" alt=\"\" class=\"wp-image-226\" width=\"195\" height=\"61\"\/><\/a><\/figure>\n\n\n\n<p>   Vous devez ensuite vous connecter (soit via votre num\u00e9ro d&rsquo;affili\u00e9 ou votre adresse e-mail)<\/p>\n\n\n\n<figure class=\"wp-block-image size-large is-resized\"><img loading=\"lazy\" decoding=\"async\" src=\"http:\/\/baudouinpadel.be\/wp-content\/uploads\/2021\/02\/image-5.png\" alt=\"\" class=\"wp-image-227\" width=\"378\" height=\"141\" srcset=\"https:\/\/baudouinpadel.be\/wp-content\/uploads\/2021\/02\/image-5.png 614w, https:\/\/baudouinpadel.be\/wp-content\/uploads\/2021\/02\/image-5-300x112.png 300w\" sizes=\"(max-width: 378px) 100vw, 378px\" \/><\/figure>\n\n\n\n<p>Cliquez ensuite sur votre nom et ouvrez &lsquo;Mijn dashboard&rsquo;. <\/p>\n\n\n\n<figure class=\"wp-block-image size-large is-resized\"><img loading=\"lazy\" decoding=\"async\" src=\"http:\/\/baudouinpadel.be\/wp-content\/uploads\/2021\/02\/image-6.png\" alt=\"\" class=\"wp-image-307\" width=\"240\" height=\"109\" srcset=\"https:\/\/baudouinpadel.be\/wp-content\/uploads\/2021\/02\/image-6.png 353w, https:\/\/baudouinpadel.be\/wp-content\/uploads\/2021\/02\/image-6-300x137.png 300w\" sizes=\"(max-width: 240px) 100vw, 240px\" \/><\/figure>\n\n\n\n<p>Ensuite, vous pouvez r\u00e9server votre terrain via le bouton &lsquo;Reserveer een terrein&rsquo;<\/p>\n\n\n\n<figure class=\"wp-block-image size-large is-resized\"><img loading=\"lazy\" decoding=\"async\" src=\"http:\/\/baudouinpadel.be\/wp-content\/uploads\/2021\/02\/image-7.png\" alt=\"\" class=\"wp-image-309\" width=\"361\" height=\"139\" srcset=\"https:\/\/baudouinpadel.be\/wp-content\/uploads\/2021\/02\/image-7.png 492w, https:\/\/baudouinpadel.be\/wp-content\/uploads\/2021\/02\/image-7-300x115.png 300w\" sizes=\"(max-width: 361px) 100vw, 361px\" \/><\/figure>\n\n\n\n<p>S\u00e9lectionnez ensuite le club du Baudouin, la date, l&rsquo;heure et les 3 autres joueurs.<\/p>\n\n\n\n<p>Si vous s\u00e9lectionnez un non-membre, il vous sera demand\u00e9 par la suite d&rsquo;effectuer le paiement en ligne. <\/p>\n\n\n\n<p><strong>Besoin de plus d&rsquo;aide? <\/strong><\/p>\n\n\n\n<p>Vous pouvez consulter les diff\u00e9rentes vid\u00e9os disponible via le lien suivant : <a href=\"https:\/\/www.tennisvlaanderen.be\/terreinreservatiesysteem-video\" target=\"_blank\" rel=\"noreferrer noopener\">https:\/\/www.tennisvlaanderen.be\/terreinreservatiesysteem-video<\/a><\/p>\n\n\n\n<p>L&rsquo;application mobile que vous pouvez t\u00e9l\u00e9charger sur <a rel=\"noreferrer noopener\" href=\"https:\/\/play.google.com\/store\/apps\/details?id=be.tennisvlaanderen.clubapp&amp;gl=BE\" target=\"_blank\">Google Play<\/a> ou <a rel=\"noreferrer noopener\" href=\"https:\/\/apps.apple.com\/be\/app\/tennis-vlaanderen\/id1330619850?l=fr\" target=\"_blank\">Apple Store<\/a><\/p>\n","protected":false},"excerpt":{"rendered":"<p>Le syst\u00e8me de r\u00e9servation du Padel au Baudouin est g\u00e9r\u00e9 via le syst\u00e8me propos\u00e9 par Tennis Vlaanderen. Il y a 3 types de profils diff\u00e9rents et vous devez comprendre \u00e0 quel type vous correspondez pour savoir comment vous pouvez r\u00e9server votre terrain. Membre (lid): Un membre est une personne en ordre de cotisation ET \u00e9galement &hellip; <\/p>\n<p class=\"link-more\"><a href=\"https:\/\/baudouinpadel.be\/?page_id=127\" class=\"more-link\">Continuer la lecture<span class=\"screen-reader-text\"> de &laquo;&nbsp;Comment r\u00e9server&nbsp;&raquo;<\/span><\/a><\/p>\n","protected":false},"author":2,"featured_media":0,"parent":0,"menu_order":0,"comment_status":"closed","ping_status":"closed","template":"","meta":{"footnotes":""},"_links":{"self":[{"href":"https:\/\/baudouinpadel.be\/index.php?rest_route=\/wp\/v2\/pages\/127"}],"collection":[{"href":"https:\/\/baudouinpadel.be\/index.php?rest_route=\/wp\/v2\/pages"}],"about":[{"href":"https:\/\/baudouinpadel.be\/index.php?rest_route=\/wp\/v2\/types\/page"}],"author":[{"embeddable":true,"href":"https:\/\/baudouinpadel.be\/index.php?rest_route=\/wp\/v2\/users\/2"}],"replies":[{"embeddable":true,"href":"https:\/\/baudouinpadel.be\/index.php?rest_route=%2Fwp%2Fv2%2Fcomments&post=127"}],"version-history":[{"count":9,"href":"https:\/\/baudouinpadel.be\/index.php?rest_route=\/wp\/v2\/pages\/127\/revisions"}],"predecessor-version":[{"id":310,"href":"https:\/\/baudouinpadel.be\/index.php?rest_route=\/wp\/v2\/pages\/127\/revisions\/310"}],"wp:attachment":[{"href":"https:\/\/baudouinpadel.be\/index.php?rest_route=%2Fwp%2Fv2%2Fmedia&parent=127"}],"curies":[{"name":"wp","href":"https:\/\/api.w.org\/{rel}","templated":true}]}}