{"id":119,"date":"2021-02-18T13:51:57","date_gmt":"2021-02-18T12:51:57","guid":{"rendered":"http:\/\/baudouinpadel.be\/?page_id=119"},"modified":"2026-02-12T08:39:00","modified_gmt":"2026-02-12T07:39:00","slug":"devenir-membre","status":"publish","type":"page","link":"https:\/\/baudouinpadel.be\/?page_id=119","title":{"rendered":"Devenir membre"},"content":{"rendered":"\n<p><strong>Quel est l&rsquo;avantage de devenir membre?<\/strong><\/p>\n\n\n\n<p>Les membres paient une cotisation annuelle et ne doivent donc pas payer en fonction de leurs r\u00e9servations.<\/p>\n\n\n\n<p>Les membres peuvent aussi r\u00e9server 7 jours \u00e0 l&rsquo;avance par rapport \u00e0 seulement 24 heures pour les non-membres.<\/p>\n\n\n\n<p><strong>Actuellement, nous avons atteint le nombre de membres maximum que nous pouvons accepter sur 3 terrains.<\/strong> Si nous acceptions des nouveaux membres, il sera encore plus difficile de trouver un terrain libre. Ceci ne serait pas une bonne chose pour les nouveaux membres mais aussi pour les membres existants. <\/p>\n\n\n\n<p>D\u00e8s que nos 2 terrains suppl\u00e9mentaires seront disponibles, nous accueillerons bien \u00e9videment des nouveaux membres jusqu&rsquo;au moment \u00e0 la capacit\u00e9 maximum sera de nouveau atteinte pour les 5 terrains.<\/p>\n\n\n\n<p>I<strong>nscription \u00e0 Tennis Vlaanderen<\/strong><\/p>\n\n\n\n<p>Tous les membres devront \u00eatre inscrits \u00e0 la f\u00e9d\u00e9ration Tennis Vlaanderen. Les personnes d\u00e9j\u00e0 membres de l&rsquo;AFT sont automatiquement inscrites \u00e0 Tennis Vlaanderen et ne devront pas payer une nouvelle participation, Pour le d\u00e9tail de cette participation, veuillez consulter la page : <a href=\"http:\/\/baudouinpadel.be\/?page_id=193\" data-type=\"page\" data-id=\"193\">participation \u00e0 tennis Vlaanderen<\/a>.<\/p>\n\n\n\n<p><strong>Quelles sont les diff\u00e9rentes cotisations pour le Padel au Baudouin?<\/strong><\/p>\n\n\n\n<p>Pour les nouveaux membres : <\/p>\n\n\n\n<figure class=\"wp-block-table is-style-stripes\"><table><tbody><tr><td><strong>Type<\/strong><\/td><td class=\"has-text-align-right\" data-align=\"right\"><strong>Tarif<\/strong><\/td><\/tr><tr><td>Volwassenen\/Adultes<\/td><td class=\"has-text-align-right\" data-align=\"right\">200<\/td><\/tr><tr><td>Family (2 volw\/Ad)<\/td><td class=\"has-text-align-right\" data-align=\"right\">350<\/td><\/tr><tr><td>Family (2 volw\/Ad + 1 kind\/Enf)<\/td><td class=\"has-text-align-right\" data-align=\"right\">450<\/td><\/tr><tr><td>Family (2 volw\/Ad + 2 kind\/Enf)<\/td><td class=\"has-text-align-right\" data-align=\"right\">560<\/td><\/tr><tr><td>Family (2 volw\/Ad + 3 kind\/Enf)<\/td><td class=\"has-text-align-right\" data-align=\"right\">600<\/td><\/tr><tr><td>Family (2 volw\/Ad + 4 kind\/Enf)<\/td><td class=\"has-text-align-right\" data-align=\"right\">720<\/td><\/tr><tr><td>Student (18 -25)<\/td><td class=\"has-text-align-right\" data-align=\"right\">150<\/td><\/tr><tr><td>Junior (max 18)<\/td><td class=\"has-text-align-right\" data-align=\"right\">125<\/td><\/tr><tr><td>Kid (- 12)<\/td><td class=\"has-text-align-right\" data-align=\"right\">90<\/td><\/tr><\/tbody><\/table><\/figure>\n\n\n\n<p>Si au moins une personne de la m\u00eame famille, vivant sous le m\u00eame toit, est d\u00e9j\u00e0 membre du tennis ou du hockey au Baudouin, vous pouvez b\u00e9n\u00e9ficier des tarifs suivants :<\/p>\n\n\n\n<figure class=\"wp-block-table is-style-stripes\"><table><tbody><tr><td><strong>Type<\/strong><\/td><td class=\"has-text-align-right\" data-align=\"right\"><strong>Tarif<\/strong><\/td><\/tr><tr><td>Volwassenen\/Adultes (lid\/membre tennis\/hockey)<\/td><td class=\"has-text-align-right\" data-align=\"right\">135<\/td><\/tr><tr><td>Family (2 volw\/Ad) (lid\/membre tennis\/hockey)<\/td><td class=\"has-text-align-right\" data-align=\"right\">250<\/td><\/tr><tr><td>Family (2 volw\/Ad + 1 kind\/Enf) (lid\/membre tennis\/hockey)<\/td><td class=\"has-text-align-right\" data-align=\"right\">300<\/td><\/tr><tr><td>Family (2 volw\/Ad + 2 kind\/Enf) (lid\/membre tennis\/hockey)<\/td><td class=\"has-text-align-right\" data-align=\"right\">400<\/td><\/tr><tr><td>Family (2 volw\/Ad + 3 kind\/Enf) (lid\/membre tennis\/hockey)<\/td><td class=\"has-text-align-right\" data-align=\"right\">500<\/td><\/tr><tr><td>Family (2 volw\/Ad + 4 kind\/Enf) (lid\/membre tennis\/hockey)<\/td><td class=\"has-text-align-right\" data-align=\"right\">600<\/td><\/tr><tr><td>Student (18 -25) (lid\/membre tennis\/hockey)<\/td><td class=\"has-text-align-right\" data-align=\"right\">100<\/td><\/tr><tr><td>Junior (max 18) (lid\/membre tennis\/hockey)<\/td><td class=\"has-text-align-right\" data-align=\"right\">80<\/td><\/tr><tr><td>Kid (- 12 ans) (lid\/membre tennis\/hockey)<\/td><td class=\"has-text-align-right\" data-align=\"right\">60<\/td><\/tr><\/tbody><\/table><\/figure>\n\n\n\n<p>Si vous ne voulez jouer qu&rsquo;en semaine durant la journ\u00e9e (de 8.00 \u00e0 16.30), vous pouvez opter pour l&rsquo;abonnement suivant :<\/p>\n\n\n\n<figure class=\"wp-block-table is-style-stripes\"><table><tbody><tr><td><strong>Type<\/strong><\/td><td class=\"has-text-align-right\" data-align=\"right\"><strong>Tarif<\/strong><\/td><\/tr><tr><td>Dag Abo &#8211; Semainier M-V\/L-V 9-17<\/td><td class=\"has-text-align-right\" data-align=\"right\">150<\/td><\/tr><\/tbody><\/table><\/figure>\n\n\n\n<p class=\"has-vivid-red-color has-text-color\"><strong>Remarque importante : <\/strong><\/p>\n\n\n\n<p class=\"has-vivid-red-color has-text-color\">Tous les abonnements d\u00e9buteront le 1er avril jusqu&rsquo;au 31 mars de l&rsquo;ann\u00e9e suivante. <\/p>\n\n\n\n<p class=\"has-vivid-red-color has-text-color\"><\/p>\n","protected":false},"excerpt":{"rendered":"<p>Quel est l&rsquo;avantage de devenir membre? Les membres paient une cotisation annuelle et ne doivent donc pas payer en fonction de leurs r\u00e9servations. Les membres peuvent aussi r\u00e9server 7 jours \u00e0 l&rsquo;avance par rapport \u00e0 seulement 24 heures pour les non-membres. Actuellement, nous avons atteint le nombre de membres maximum que nous pouvons accepter sur &hellip; <\/p>\n<p class=\"link-more\"><a href=\"https:\/\/baudouinpadel.be\/?page_id=119\" class=\"more-link\">Continuer la lecture<span class=\"screen-reader-text\"> de &laquo;&nbsp;Devenir membre&nbsp;&raquo;<\/span><\/a><\/p>\n","protected":false},"author":2,"featured_media":0,"parent":0,"menu_order":0,"comment_status":"closed","ping_status":"closed","template":"","meta":{"footnotes":""},"_links":{"self":[{"href":"https:\/\/baudouinpadel.be\/index.php?rest_route=\/wp\/v2\/pages\/119"}],"collection":[{"href":"https:\/\/baudouinpadel.be\/index.php?rest_route=\/wp\/v2\/pages"}],"about":[{"href":"https:\/\/baudouinpadel.be\/index.php?rest_route=\/wp\/v2\/types\/page"}],"author":[{"embeddable":true,"href":"https:\/\/baudouinpadel.be\/index.php?rest_route=\/wp\/v2\/users\/2"}],"replies":[{"embeddable":true,"href":"https:\/\/baudouinpadel.be\/index.php?rest_route=%2Fwp%2Fv2%2Fcomments&post=119"}],"version-history":[{"count":11,"href":"https:\/\/baudouinpadel.be\/index.php?rest_route=\/wp\/v2\/pages\/119\/revisions"}],"predecessor-version":[{"id":719,"href":"https:\/\/baudouinpadel.be\/index.php?rest_route=\/wp\/v2\/pages\/119\/revisions\/719"}],"wp:attachment":[{"href":"https:\/\/baudouinpadel.be\/index.php?rest_route=%2Fwp%2Fv2%2Fmedia&parent=119"}],"curies":[{"name":"wp","href":"https:\/\/api.w.org\/{rel}","templated":true}]}}